{"id":1061,"date":"2023-11-22T13:27:35","date_gmt":"2023-11-22T12:27:35","guid":{"rendered":"http:\/\/lesbruyres.local\/?page_id=1061"},"modified":"2025-09-11T16:29:12","modified_gmt":"2025-09-11T15:29:12","slug":"informacion-legal","status":"publish","type":"page","link":"https:\/\/www.lespiratesdecarnac.com\/es\/informacion-legal\/","title":{"rendered":"Informaci\u00f3n jur\u00eddica"},"content":{"rendered":"<div data-elementor-type=\"wp-page\" data-elementor-id=\"1061\" class=\"elementor elementor-1061\" data-elementor-post-type=\"page\">\n\t\t\t\t<div class=\"elementor-element elementor-element-41407ab e-con-full e-flex e-con e-parent\" data-id=\"41407ab\" data-element_type=\"container\" data-e-type=\"container\" data-settings=\"{&quot;background_background&quot;:&quot;classic&quot;}\">\n\t\t<div class=\"elementor-element elementor-element-42af250 e-con-full e-flex e-con e-child\" data-id=\"42af250\" data-element_type=\"container\" data-e-type=\"container\">\n\t\t\t\t<div class=\"elementor-element elementor-element-bb752b7 elementor-widget elementor-widget-text-editor\" data-id=\"bb752b7\" data-element_type=\"widget\" data-e-type=\"widget\" data-widget_type=\"text-editor.default\">\n\t\t\t\t\t\t\t\t\t<h1>Aviso legal - Les Bruy\u00e8res de Carnac<\/h1><h2>1 - Editar el sitio<\/h2><p>De acuerdo con <strong><a href=\"https:\/\/www.legifrance.gouv.fr\/affichTexte.do?cidTexte=JORFTEXT000000801164#LEGIARTI000042038977\" target=\"_blank\" rel=\"noreferrer noopener\">Art\u00edculo 6 de la ley n\u00ba 2004-575 de 21 de junio de 2004<\/a><\/strong> para la confianza en la econom\u00eda digital, se informa a los usuarios del sitio web de que <a href=\"https:\/\/www.lespiratesdecarnac.com\/es\"><strong>https:\/\/lespiratesdecarnac.com\/<\/strong><\/a> la identidad de las distintas partes implicadas en su aplicaci\u00f3n y control:<\/p><p><strong>Propietario del sitio : <\/strong><\/p><p>- Contacto: <br \/>contact@camping-lesbruyeres.com 0297523057<\/p><p>- Direcci\u00f3n: <br \/>Camping Les Bruy\u00e8res de Carnac<br \/>Lugar: Kerogile<br \/>56340 Carnac<br \/>Francia.<\/p><p><strong>Identificaci\u00f3n de la empresa :<\/strong><\/p><p>SAS con un capital social de 10.000 euros<\/p><p>- SIRENA :<\/p><p>- RCS o RM: Lorient B 480 546 845<\/p><p>- Direcci\u00f3n postal:<br \/>Camping Les Bruy\u00e8res de Carnac<br \/>Lugar: Kerogile<br \/>56340 Carnac<br \/>Francia.<br \/><a href=\"https:\/\/lespiratesdecarnac.com\/wp-content\/uploads\/2021\/07\/2021.cgv_.fr_.pdf\"><strong>CONDICIONES GENERALES<\/strong><\/a><\/p><p><strong>Director de publicaci\u00f3n :<\/strong><\/p><p>Chrystelle Ricordeau<br \/>Contacto: contact@camping-lesbruyeres.com<\/p><p><strong>Organizado por :<\/strong><\/p><p>LWS<br \/>4, RUE GALVANI<br \/>75838 PAR\u00cdS CEDEX<br \/>FRANCIA<br \/>01 77 62 30 03<\/p><p><strong>Responsable de protecci\u00f3n de datos : <\/strong><\/p><p>Chrystelle Ricordeau - contact@camping-lesbruyeres.com<\/p><p><strong>Otros colaboradores :<\/strong><\/p><h3>Creaci\u00f3n del sitio web<\/h3><p>Icono-Digital<br \/>Tel: +33 7.49.31.13.92<br \/>Correo electr\u00f3nico : contact@iconic-digital.fr<br \/>P\u00e1gina web : <strong><a href=\"http:\/\/www.iconic-digital.fr\">www.iconic-digital.fr<\/a><\/strong><\/p><p>\u00a0<\/p><h2>2 - Propiedad intelectual y falsificaci\u00f3n.<\/h2><p>Les Bruy\u00e8res de Carnac es propietaria de los derechos de propiedad intelectual y titular de los derechos de uso de todos los elementos accesibles en el sitio web, en particular los textos, im\u00e1genes, gr\u00e1ficos, logotipos, v\u00eddeos, arquitectura, iconos y sonidos.<\/p><p>Cualquier reproducci\u00f3n, representaci\u00f3n, modificaci\u00f3n, publicaci\u00f3n, adaptaci\u00f3n de la totalidad o parte de los elementos del sitio, cualesquiera que sean los medios o procedimientos utilizados, est\u00e1 prohibida, salvo autorizaci\u00f3n previa por escrito de Christelle Ricordeau.<\/p><p>Cualquier uso no autorizado del sitio o de cualquiera de los elementos que contiene se considerar\u00e1 constitutivo de infracci\u00f3n y ser\u00e1 perseguido de conformidad con lo dispuesto en los art\u00edculos <a href=\"https:\/\/www.legifrance.gouv.fr\/affichCodeArticle.do?idArticle=LEGIARTI000032655082&amp;cidTexte=LEGITEXT000006069414&amp;dateTexte=20160605\" target=\"_blank\" rel=\"noreferrer noopener\"><strong>L.335-2 y siguientes del C\u00f3digo franc\u00e9s de la Propiedad Intelectual<\/strong><\/a>.<\/p><h2>3 - Limitaciones de responsabilidad.<\/h2><p>Les Bruy\u00e8res de Carnac no se hace responsable de los da\u00f1os directos o indirectos causados al equipo del usuario al acceder al sitio. <a href=\"https:\/\/www.lespiratesdecarnac.com\/es\"><strong>https:\/\/lespiratesdecarnac.com\/<\/strong><\/a>.<\/p><p>Les Bruy\u00e8res de Carnac no se hace responsable del uso que pueda hacerse de la informaci\u00f3n y los contenidos presentes en este sitio web. <a href=\"https:\/\/www.lespiratesdecarnac.com\/es\"><strong>https:\/\/lespiratesdecarnac.com\/<\/strong><\/a>.<\/p><p>Les Bruy\u00e8res de Carnac se compromete a que el sitio sea lo m\u00e1s seguro posible <a href=\"https:\/\/www.lespiratesdecarnac.com\/es\"><strong>https:\/\/lespiratesdecarnac.com\/<\/strong><\/a>Sin embargo, no puede ser considerada responsable si se importan e instalan en su sitio datos no deseados sin su conocimiento.<\/p><p>Los usuarios tienen a su disposici\u00f3n espacios interactivos (contacto o comentarios). se reserva el derecho de suprimir, sin previo aviso, cualquier contenido publicado en este espacio que contravenga la legislaci\u00f3n aplicable en Francia, en particular las disposiciones relativas a la protecci\u00f3n de datos.<\/p><p>En su caso, la empresa tambi\u00e9n se reserva el derecho de exigir responsabilidades civiles y\/o penales al usuario, especialmente en caso de mensajes de car\u00e1cter racista, insultante, difamatorio o pornogr\u00e1fico, sea cual sea el medio utilizado (texto, fotograf\u00edas, etc.).<\/p><h2>4 - CNIL y gesti\u00f3n de datos personales.<\/h2><p>De conformidad con lo dispuesto en <strong><a href=\"https:\/\/www.legifrance.gouv.fr\/affichTexte.do?cidTexte=JORFTEXT000000886460\" target=\"_blank\" rel=\"noreferrer noopener\">Ley 78-17 de 6 de enero de 1978 modificada<\/a><\/strong>el usuario del <a href=\"https:\/\/www.lespiratesdecarnac.com\/es\"><strong>https:\/\/lespiratesdecarnac.com\/<\/strong><\/a> dispone de un derecho de acceso, modificaci\u00f3n y supresi\u00f3n de los datos recogidos. Para ejercer este derecho, env\u00ede un mensaje a nuestro responsable de protecci\u00f3n de datos : <strong>Chrystelle Ricordeau<\/strong> &#8211; <strong>contact@camping-lesbruyeres.com<\/strong>.<\/p><h2>5 - Enlaces de hipertexto y cookies<\/h2><p>El sitio web <strong><a href=\"http:\/\/https:\/\/lespiratesdecarnac.com\/\">https:\/\/lespiratesdecarnac.com\/<\/a><\/strong> contiene enlaces de hipertexto a otros sitios y no acepta responsabilidad alguna por estos enlaces externos ni por los enlaces creados por otros sitios a <a href=\"http:\/\/https:\/\/lespiratesdecarnac.com\/\"><strong>https:\/\/lespiratesdecarnac.com\/<\/strong><\/a>.<\/p><p>Navegar por el sitio <a href=\"https:\/\/www.lespiratesdecarnac.com\/es\"><strong>https:\/\/lespiratesdecarnac.com\/<\/strong><\/a> puede provocar la instalaci\u00f3n de cookies en el ordenador del usuario.<\/p><p>Una \"cookie\" es un peque\u00f1o archivo que registra informaci\u00f3n sobre la navegaci\u00f3n de un usuario en un sitio web. Los datos obtenidos de este modo pueden utilizarse, por ejemplo, para medir el n\u00famero de visitantes.<\/p><p>Puede <strong>aceptar o rechazar cookies<\/strong> cambiando la configuraci\u00f3n de su navegador. No se depositar\u00e1 ninguna cookie sin su consentimiento.<\/p><p>Las cookies se almacenan durante un mes como m\u00e1ximo.<\/p><h2>6 - Ley aplicable y jurisdicci\u00f3n.<\/h2><p>Cualquier litigio relacionado con el uso del sitio <a href=\"https:\/\/www.lespiratesdecarnac.com\/es\"><strong>https:\/\/lespiratesdecarnac.com\/<\/strong><\/a> se rige por la legislaci\u00f3n francesa. Salvo en los casos en que la ley no lo permita, la jurisdicci\u00f3n exclusiva se atribuye a los tribunales competentes de <strong>Lorient<\/strong>.<\/p>\t\t\t\t\t\t\t\t<\/div>\n\t\t\t\t<\/div>\n\t\t\t\t<\/div>\n\t\t<div class=\"elementor-element elementor-element-1de218f animated-slow e-con-full e-flex elementor-invisible e-con e-parent\" data-id=\"1de218f\" data-element_type=\"container\" data-e-type=\"container\" data-settings=\"{&quot;background_background&quot;:&quot;classic&quot;,&quot;animation&quot;:&quot;slideInUp&quot;,&quot;animation_delay&quot;:1000}\">\n\t\t<div class=\"elementor-element elementor-element-fa7614e e-con-full e-flex e-con e-child\" data-id=\"fa7614e\" data-element_type=\"container\" data-e-type=\"container\">\n\t\t\t\t<div class=\"elementor-element elementor-element-52a33a9 elementor-widget-tablet__width-initial elementor-widget-mobile__width-inherit elementor-widget__width-initial elementor-position-top elementor-widget elementor-widget-image-box\" data-id=\"52a33a9\" data-element_type=\"widget\" data-e-type=\"widget\" data-widget_type=\"image-box.default\">\n\t\t\t\t\t<div class=\"elementor-image-box-wrapper\"><figure class=\"elementor-image-box-img\"><a href=\"https:\/\/www.lespiratesdecarnac.com\/es\/entretenimiento-en-el-miniclub\/\" target=\"_blank\" tabindex=\"-1\"><img decoding=\"async\" src=\"https:\/\/www.lespiratesdecarnac.com\/wp-content\/uploads\/elementor\/thumbs\/aire-jeux-pano-scaled-1-rbgl6go1j109rq3drj4h6noznmaxrih2nks9g29jm0.jpg\" title=\"zona de juegos pano\" alt=\"Club enfant &quot;Le Rep\u00e8re des Petits Pirates&quot;, chez Les Pirates de Carnac, dans le Morbihan, en Bretagne Sud\" class=\"elementor-animation-grow\" loading=\"lazy\" \/><\/a><\/figure><div class=\"elementor-image-box-content\"><h3 class=\"elementor-image-box-title\"><a href=\"https:\/\/www.lespiratesdecarnac.com\/es\/entretenimiento-en-el-miniclub\/\" target=\"_blank\">Club infantil \"Le Repere des Petits Pirates<\/a><\/h3><p class=\"elementor-image-box-description\">Descubra un camping familiar en Morbihan con una gran variedad de emocionantes actividades que har\u00e1n las delicias de grandes y peque\u00f1os.<\/p><\/div><\/div>\t\t\t\t<\/div>\n\t\t\t\t<div class=\"elementor-element elementor-element-e0a87e4 elementor-widget-tablet__width-initial elementor-widget-mobile__width-inherit elementor-widget__width-initial elementor-position-top elementor-widget elementor-widget-image-box\" data-id=\"e0a87e4\" data-element_type=\"widget\" data-e-type=\"widget\" data-widget_type=\"image-box.default\">\n\t\t\t\t\t<div class=\"elementor-image-box-wrapper\"><figure class=\"elementor-image-box-img\"><a href=\"https:\/\/www.lespiratesdecarnac.com\/es\/alquiler-de-mobil-home-carnac\/\" target=\"_blank\" tabindex=\"-1\"><img decoding=\"async\" src=\"https:\/\/www.lespiratesdecarnac.com\/wp-content\/uploads\/elementor\/thumbs\/MH-4-ch-pano-scaled-1-rbgl6hlvpv1k3c20m1j3r5gg906az7kszpfqxc85fs.jpg\" title=\"MH-4-ch-pano-escalado\" alt=\"MH-4-ch-pano-escalado\" class=\"elementor-animation-grow\" loading=\"lazy\" \/><\/a><\/figure><div class=\"elementor-image-box-content\"><h3 class=\"elementor-image-box-title\"><a href=\"https:\/\/www.lespiratesdecarnac.com\/es\/alquiler-de-mobil-home-carnac\/\" target=\"_blank\">Casas m\u00f3viles<\/a><\/h3><p class=\"elementor-image-box-description\">Venga a descubrir nuestra selecci\u00f3n de mobil-homes de alquiler en Carnac de 1 a 4 habitaciones, confortables para toda la familia y equipados con conexi\u00f3n TV TDT.<\/p><\/div><\/div>\t\t\t\t<\/div>\n\t\t\t\t<div class=\"elementor-element elementor-element-c262042 elementor-widget-tablet__width-initial elementor-widget-mobile__width-inherit elementor-widget__width-initial elementor-position-top elementor-widget elementor-widget-image-box\" data-id=\"c262042\" data-element_type=\"widget\" data-e-type=\"widget\" data-widget_type=\"image-box.default\">\n\t\t\t\t\t<div class=\"elementor-image-box-wrapper\"><figure class=\"elementor-image-box-img\"><a href=\"https:\/\/www.lespiratesdecarnac.com\/es\/parcela-camping-carnac\/\" target=\"_blank\" tabindex=\"-1\"><img decoding=\"async\" src=\"https:\/\/www.lespiratesdecarnac.com\/wp-content\/uploads\/elementor\/thumbs\/Camping-pano-rbgl6hlvpv1k3c20m1j3r5gg906az7kszpfqxc85fs.jpg\" title=\"Camping pano\" alt=\"Camping Les Bruy\u00e8res de Carnac, Golfe du Morbihan, Sur de Breta\u00f1a, Francia\" class=\"elementor-animation-grow\" loading=\"lazy\" \/><\/a><\/figure><div class=\"elementor-image-box-content\"><h3 class=\"elementor-image-box-title\"><a href=\"https:\/\/www.lespiratesdecarnac.com\/es\/parcela-camping-carnac\/\" target=\"_blank\">Ubicaciones<\/a><\/h3><p class=\"elementor-image-box-description\">Nuestras amplias y sombreadas parcelas son ideales para caravanas, autocaravanas y tiendas.<\/p><\/div><\/div>\t\t\t\t<\/div>\n\t\t\t\t<div class=\"elementor-element elementor-element-36b9751 elementor-widget-tablet__width-initial elementor-widget-mobile__width-inherit elementor-widget__width-initial elementor-position-top elementor-widget elementor-widget-image-box\" data-id=\"36b9751\" data-element_type=\"widget\" data-e-type=\"widget\" data-widget_type=\"image-box.default\">\n\t\t\t\t\t<div class=\"elementor-image-box-wrapper\"><figure class=\"elementor-image-box-img\"><a href=\"https:\/\/www.lespiratesdecarnac.com\/es\/camping-carnac-piscina-cubierta-climatizada\/\" target=\"_blank\" tabindex=\"-1\"><img decoding=\"async\" src=\"https:\/\/www.lespiratesdecarnac.com\/wp-content\/uploads\/elementor\/thumbs\/piscine-pano-2-scaled-1-rbgl6hlvpv1k3c20m1j3r5gg906az7kszpfqxc85fs.jpg\" title=\"pano 2 piscina\" alt=\"pano 2 piscina\" class=\"elementor-animation-grow\" loading=\"lazy\" \/><\/a><\/figure><div class=\"elementor-image-box-content\"><h3 class=\"elementor-image-box-title\"><a href=\"https:\/\/www.lespiratesdecarnac.com\/es\/camping-carnac-piscina-cubierta-climatizada\/\" target=\"_blank\">Piscina<\/a><\/h3><p class=\"elementor-image-box-description\">Profitez de notre camping avec piscine couverte et chauff\u00e9e \u00e0 28\u00b0 qui vous permet de profiter de l'eau par tous les temps, d\u00e8s le d\u00e9but de la saison.<\/p><\/div><\/div>\t\t\t\t<\/div>\n\t\t\t\t<\/div>\n\t\t\t\t<\/div>\n\t\t\t\t<\/div>","protected":false},"excerpt":{"rendered":"<p>Alquiler de mobil home y alojamiento ins\u00f3lito en Carnac -<br \/>\nLes Pirates en Carnac - Camping Les Bruy\u00e8res de Carnac Baie de Quiberon Morbihan Bretagne Sud France<\/p>","protected":false},"author":1,"featured_media":7,"parent":0,"menu_order":0,"comment_status":"closed","ping_status":"open","template":"","meta":{"inline_featured_image":false,"footnotes":""},"categories":[],"tags":[],"class_list":["post-1061","page","type-page","status-publish","has-post-thumbnail","hentry"],"yoast_head":"<!-- This site is optimized with the Yoast SEO plugin v27.4 - https:\/\/yoast.com\/product\/yoast-seo-wordpress\/ -->\n<title>Mentions l\u00e9gales Camping Les Bruy\u00e8res de Carnac 4*<\/title>\n<meta name=\"description\" content=\"Mentions l\u00e9gales - Camping Les Bruy\u00e8res de Carnac 4* dans le Golfe du Morbihan, en Baie de Quiberon, Bretagne Sud, France - Camping Carnac\" \/>\n<meta name=\"robots\" content=\"index, follow, max-snippet:-1, max-image-preview:large, max-video-preview:-1\" \/>\n<link rel=\"canonical\" href=\"https:\/\/www.lespiratesdecarnac.com\/es\/informacion-legal\/\" \/>\n<meta property=\"og:locale\" content=\"es_ES\" \/>\n<meta property=\"og:type\" content=\"article\" \/>\n<meta property=\"og:title\" content=\"Mentions l\u00e9gales Camping Les Bruy\u00e8res de Carnac 4*\" \/>\n<meta property=\"og:description\" content=\"Mentions l\u00e9gales - Camping Les Bruy\u00e8res de Carnac 4* dans le Golfe du Morbihan, en Baie de Quiberon, Bretagne Sud, France - Camping Carnac\" \/>\n<meta property=\"og:url\" content=\"https:\/\/www.lespiratesdecarnac.com\/es\/informacion-legal\/\" \/>\n<meta property=\"og:site_name\" content=\"Les Pirates de carnac\" \/>\n<meta property=\"article:publisher\" content=\"https:\/\/www.facebook.com\/Camping.les.Bruyeres.Carnac\" \/>\n<meta property=\"article:modified_time\" content=\"2025-09-11T15:29:12+00:00\" \/>\n<meta property=\"og:image\" content=\"https:\/\/www.lespiratesdecarnac.com\/wp-content\/uploads\/2023\/11\/NEW-LOGO-4-PIRATES-e1715868270390.jpg\" \/>\n\t<meta property=\"og:image:width\" content=\"1024\" \/>\n\t<meta property=\"og:image:height\" content=\"1024\" \/>\n\t<meta property=\"og:image:type\" content=\"image\/jpeg\" \/>\n<meta name=\"twitter:card\" content=\"summary_large_image\" \/>\n<meta name=\"twitter:label1\" content=\"Tiempo de lectura\" \/>\n\t<meta name=\"twitter:data1\" content=\"5 minutos\" \/>\n<script type=\"application\/ld+json\" class=\"yoast-schema-graph\">{\"@context\":\"https:\\\/\\\/schema.org\",\"@graph\":[{\"@type\":\"WebPage\",\"@id\":\"https:\\\/\\\/www.lespiratesdecarnac.com\\\/mentions-legales\\\/\",\"url\":\"https:\\\/\\\/www.lespiratesdecarnac.com\\\/mentions-legales\\\/\",\"name\":\"Mentions l\u00e9gales Camping Les Bruy\u00e8res de Carnac 4*\",\"isPartOf\":{\"@id\":\"https:\\\/\\\/www.lespiratesdecarnac.com\\\/#website\"},\"primaryImageOfPage\":{\"@id\":\"https:\\\/\\\/www.lespiratesdecarnac.com\\\/mentions-legales\\\/#primaryimage\"},\"image\":{\"@id\":\"https:\\\/\\\/www.lespiratesdecarnac.com\\\/mentions-legales\\\/#primaryimage\"},\"thumbnailUrl\":\"https:\\\/\\\/www.lespiratesdecarnac.com\\\/wp-content\\\/uploads\\\/2023\\\/11\\\/NEW-LOGO-4-PIRATES-e1715868270390.jpg\",\"datePublished\":\"2023-11-22T12:27:35+00:00\",\"dateModified\":\"2025-09-11T15:29:12+00:00\",\"description\":\"Mentions l\u00e9gales - Camping Les Bruy\u00e8res de Carnac 4* dans le Golfe du Morbihan, en Baie de Quiberon, Bretagne Sud, France - Camping Carnac\",\"inLanguage\":\"es\",\"potentialAction\":[{\"@type\":\"ReadAction\",\"target\":[\"https:\\\/\\\/www.lespiratesdecarnac.com\\\/mentions-legales\\\/\"]}]},{\"@type\":\"ImageObject\",\"inLanguage\":\"es\",\"@id\":\"https:\\\/\\\/www.lespiratesdecarnac.com\\\/mentions-legales\\\/#primaryimage\",\"url\":\"https:\\\/\\\/www.lespiratesdecarnac.com\\\/wp-content\\\/uploads\\\/2023\\\/11\\\/NEW-LOGO-4-PIRATES-e1715868270390.jpg\",\"contentUrl\":\"https:\\\/\\\/www.lespiratesdecarnac.com\\\/wp-content\\\/uploads\\\/2023\\\/11\\\/NEW-LOGO-4-PIRATES-e1715868270390.jpg\",\"width\":1024,\"height\":1024,\"caption\":\"Retrouvez les Pirates \u00e0 Carnac - Camping Les Bruy\u00e8res de Carnac Baie de Quiberon Morbihan Bretagne Sud France\"},{\"@type\":\"WebSite\",\"@id\":\"https:\\\/\\\/www.lespiratesdecarnac.com\\\/#website\",\"url\":\"https:\\\/\\\/www.lespiratesdecarnac.com\\\/\",\"name\":\"Les Pirates de carnac\",\"description\":\"Camping \u00e0 Carnac 4 \u00e9toiles\",\"publisher\":{\"@id\":\"https:\\\/\\\/www.lespiratesdecarnac.com\\\/#organization\"},\"potentialAction\":[{\"@type\":\"SearchAction\",\"target\":{\"@type\":\"EntryPoint\",\"urlTemplate\":\"https:\\\/\\\/www.lespiratesdecarnac.com\\\/?s={search_term_string}\"},\"query-input\":{\"@type\":\"PropertyValueSpecification\",\"valueRequired\":true,\"valueName\":\"search_term_string\"}}],\"inLanguage\":\"es\"},{\"@type\":\"Organization\",\"@id\":\"https:\\\/\\\/www.lespiratesdecarnac.com\\\/#organization\",\"name\":\"Camping Les Bruy\u00e8res de Carnac\",\"url\":\"https:\\\/\\\/www.lespiratesdecarnac.com\\\/\",\"logo\":{\"@type\":\"ImageObject\",\"inLanguage\":\"es\",\"@id\":\"https:\\\/\\\/www.lespiratesdecarnac.com\\\/#\\\/schema\\\/logo\\\/image\\\/\",\"url\":\"https:\\\/\\\/lespiratesdecarnac.com\\\/wp-content\\\/uploads\\\/2023\\\/11\\\/lesbruyeresblanctete.png\",\"contentUrl\":\"https:\\\/\\\/lespiratesdecarnac.com\\\/wp-content\\\/uploads\\\/2023\\\/11\\\/lesbruyeresblanctete.png\",\"width\":12501,\"height\":5910,\"caption\":\"Camping Les Bruy\u00e8res de Carnac\"},\"image\":{\"@id\":\"https:\\\/\\\/www.lespiratesdecarnac.com\\\/#\\\/schema\\\/logo\\\/image\\\/\"},\"sameAs\":[\"https:\\\/\\\/www.facebook.com\\\/Camping.les.Bruyeres.Carnac\",\"https:\\\/\\\/www.instagram.com\\\/campinglesbruyeresdecarnac\\\/\"]}]}<\/script>\n<!-- \/ Yoast SEO plugin. -->","yoast_head_json":{"title":"Mentions l\u00e9gales Camping Les Bruy\u00e8res de Carnac 4*","description":"Mentions l\u00e9gales - Camping Les Bruy\u00e8res de Carnac 4* dans le Golfe du Morbihan, en Baie de Quiberon, Bretagne Sud, France - Camping Carnac","robots":{"index":"index","follow":"follow","max-snippet":"max-snippet:-1","max-image-preview":"max-image-preview:large","max-video-preview":"max-video-preview:-1"},"canonical":"https:\/\/www.lespiratesdecarnac.com\/es\/informacion-legal\/","og_locale":"es_ES","og_type":"article","og_title":"Mentions l\u00e9gales Camping Les Bruy\u00e8res de Carnac 4*","og_description":"Mentions l\u00e9gales - Camping Les Bruy\u00e8res de Carnac 4* dans le Golfe du Morbihan, en Baie de Quiberon, Bretagne Sud, France - Camping Carnac","og_url":"https:\/\/www.lespiratesdecarnac.com\/es\/informacion-legal\/","og_site_name":"Les Pirates de carnac","article_publisher":"https:\/\/www.facebook.com\/Camping.les.Bruyeres.Carnac","article_modified_time":"2025-09-11T15:29:12+00:00","og_image":[{"width":1024,"height":1024,"url":"https:\/\/www.lespiratesdecarnac.com\/wp-content\/uploads\/2023\/11\/NEW-LOGO-4-PIRATES-e1715868270390.jpg","type":"image\/jpeg"}],"twitter_card":"summary_large_image","twitter_misc":{"Tiempo de lectura":"5 minutos"},"schema":{"@context":"https:\/\/schema.org","@graph":[{"@type":"WebPage","@id":"https:\/\/www.lespiratesdecarnac.com\/mentions-legales\/","url":"https:\/\/www.lespiratesdecarnac.com\/mentions-legales\/","name":"Mentions l\u00e9gales Camping Les Bruy\u00e8res de Carnac 4*","isPartOf":{"@id":"https:\/\/www.lespiratesdecarnac.com\/#website"},"primaryImageOfPage":{"@id":"https:\/\/www.lespiratesdecarnac.com\/mentions-legales\/#primaryimage"},"image":{"@id":"https:\/\/www.lespiratesdecarnac.com\/mentions-legales\/#primaryimage"},"thumbnailUrl":"https:\/\/www.lespiratesdecarnac.com\/wp-content\/uploads\/2023\/11\/NEW-LOGO-4-PIRATES-e1715868270390.jpg","datePublished":"2023-11-22T12:27:35+00:00","dateModified":"2025-09-11T15:29:12+00:00","description":"Mentions l\u00e9gales - Camping Les Bruy\u00e8res de Carnac 4* dans le Golfe du Morbihan, en Baie de Quiberon, Bretagne Sud, France - Camping Carnac","inLanguage":"es","potentialAction":[{"@type":"ReadAction","target":["https:\/\/www.lespiratesdecarnac.com\/mentions-legales\/"]}]},{"@type":"ImageObject","inLanguage":"es","@id":"https:\/\/www.lespiratesdecarnac.com\/mentions-legales\/#primaryimage","url":"https:\/\/www.lespiratesdecarnac.com\/wp-content\/uploads\/2023\/11\/NEW-LOGO-4-PIRATES-e1715868270390.jpg","contentUrl":"https:\/\/www.lespiratesdecarnac.com\/wp-content\/uploads\/2023\/11\/NEW-LOGO-4-PIRATES-e1715868270390.jpg","width":1024,"height":1024,"caption":"Retrouvez les Pirates \u00e0 Carnac - Camping Les Bruy\u00e8res de Carnac Baie de Quiberon Morbihan Bretagne Sud France"},{"@type":"WebSite","@id":"https:\/\/www.lespiratesdecarnac.com\/#website","url":"https:\/\/www.lespiratesdecarnac.com\/","name":"Les Pirates de carnac","description":"Camping \u00e0 Carnac 4 \u00e9toiles","publisher":{"@id":"https:\/\/www.lespiratesdecarnac.com\/#organization"},"potentialAction":[{"@type":"SearchAction","target":{"@type":"EntryPoint","urlTemplate":"https:\/\/www.lespiratesdecarnac.com\/?s={search_term_string}"},"query-input":{"@type":"PropertyValueSpecification","valueRequired":true,"valueName":"search_term_string"}}],"inLanguage":"es"},{"@type":"Organization","@id":"https:\/\/www.lespiratesdecarnac.com\/#organization","name":"Camping Les Bruy\u00e8res de Carnac","url":"https:\/\/www.lespiratesdecarnac.com\/","logo":{"@type":"ImageObject","inLanguage":"es","@id":"https:\/\/www.lespiratesdecarnac.com\/#\/schema\/logo\/image\/","url":"https:\/\/lespiratesdecarnac.com\/wp-content\/uploads\/2023\/11\/lesbruyeresblanctete.png","contentUrl":"https:\/\/lespiratesdecarnac.com\/wp-content\/uploads\/2023\/11\/lesbruyeresblanctete.png","width":12501,"height":5910,"caption":"Camping Les Bruy\u00e8res de Carnac"},"image":{"@id":"https:\/\/www.lespiratesdecarnac.com\/#\/schema\/logo\/image\/"},"sameAs":["https:\/\/www.facebook.com\/Camping.les.Bruyeres.Carnac","https:\/\/www.instagram.com\/campinglesbruyeresdecarnac\/"]}]}},"_links":{"self":[{"href":"https:\/\/www.lespiratesdecarnac.com\/es\/wp-json\/wp\/v2\/pages\/1061","targetHints":{"allow":["GET"]}}],"collection":[{"href":"https:\/\/www.lespiratesdecarnac.com\/es\/wp-json\/wp\/v2\/pages"}],"about":[{"href":"https:\/\/www.lespiratesdecarnac.com\/es\/wp-json\/wp\/v2\/types\/page"}],"author":[{"embeddable":true,"href":"https:\/\/www.lespiratesdecarnac.com\/es\/wp-json\/wp\/v2\/users\/1"}],"replies":[{"embeddable":true,"href":"https:\/\/www.lespiratesdecarnac.com\/es\/wp-json\/wp\/v2\/comments?post=1061"}],"version-history":[{"count":10,"href":"https:\/\/www.lespiratesdecarnac.com\/es\/wp-json\/wp\/v2\/pages\/1061\/revisions"}],"predecessor-version":[{"id":4645,"href":"https:\/\/www.lespiratesdecarnac.com\/es\/wp-json\/wp\/v2\/pages\/1061\/revisions\/4645"}],"wp:featuredmedia":[{"embeddable":true,"href":"https:\/\/www.lespiratesdecarnac.com\/es\/wp-json\/wp\/v2\/media\/7"}],"wp:attachment":[{"href":"https:\/\/www.lespiratesdecarnac.com\/es\/wp-json\/wp\/v2\/media?parent=1061"}],"wp:term":[{"taxonomy":"category","embeddable":true,"href":"https:\/\/www.lespiratesdecarnac.com\/es\/wp-json\/wp\/v2\/categories?post=1061"},{"taxonomy":"post_tag","embeddable":true,"href":"https:\/\/www.lespiratesdecarnac.com\/es\/wp-json\/wp\/v2\/tags?post=1061"}],"curies":[{"name":"wp","href":"https:\/\/api.w.org\/{rel}","templated":true}]}}