{"id":848,"date":"2023-11-21T22:51:20","date_gmt":"2023-11-21T21:51:20","guid":{"rendered":"http:\/\/lesbruyres.local\/?page_id=848"},"modified":"2025-09-11T15:16:17","modified_gmt":"2025-09-11T14:16:17","slug":"gift-boxes","status":"publish","type":"page","link":"https:\/\/www.lespiratesdecarnac.com\/en\/gift-boxes\/","title":{"rendered":"Gift Sets"},"content":{"rendered":"\t\t<div data-elementor-type=\"wp-page\" data-elementor-id=\"848\" class=\"elementor elementor-848\" data-elementor-post-type=\"page\">\n\t\t\t\t<div class=\"elementor-element elementor-element-84e011d e-flex e-con-boxed e-con e-parent\" data-id=\"84e011d\" data-element_type=\"container\" data-e-type=\"container\" data-settings=\"{&quot;background_background&quot;:&quot;classic&quot;,&quot;shape_divider_bottom&quot;:&quot;mountains&quot;,&quot;background_motion_fx_motion_fx_scrolling&quot;:&quot;yes&quot;,&quot;background_motion_fx_translateY_effect&quot;:&quot;yes&quot;,&quot;animation&quot;:&quot;none&quot;,&quot;background_motion_fx_translateY_speed&quot;:{&quot;unit&quot;:&quot;px&quot;,&quot;size&quot;:4,&quot;sizes&quot;:[]},&quot;background_motion_fx_translateY_affectedRange&quot;:{&quot;unit&quot;:&quot;%&quot;,&quot;size&quot;:&quot;&quot;,&quot;sizes&quot;:{&quot;start&quot;:0,&quot;end&quot;:100}},&quot;background_motion_fx_devices&quot;:[&quot;desktop&quot;,&quot;tablet&quot;,&quot;mobile&quot;]}\">\n\t\t\t\t\t<div class=\"e-con-inner\">\n\t\t\t\t<div class=\"elementor-shape elementor-shape-bottom\" aria-hidden=\"true\" data-negative=\"false\">\n\t\t\t<svg xmlns=\"http:\/\/www.w3.org\/2000\/svg\" viewBox=\"0 0 1000 100\" preserveAspectRatio=\"none\">\n\t<path class=\"elementor-shape-fill\" opacity=\"0.33\" d=\"M473,67.3c-203.9,88.3-263.1-34-320.3,0C66,119.1,0,59.7,0,59.7V0h1000v59.7 c0,0-62.1,26.1-94.9,29.3c-32.8,3.3-62.8-12.3-75.8-22.1C806,49.6,745.3,8.7,694.9,4.7S492.4,59,473,67.3z\"\/>\n\t<path class=\"elementor-shape-fill\" opacity=\"0.66\" d=\"M734,67.3c-45.5,0-77.2-23.2-129.1-39.1c-28.6-8.7-150.3-10.1-254,39.1 s-91.7-34.4-149.2,0C115.7,118.3,0,39.8,0,39.8V0h1000v36.5c0,0-28.2-18.5-92.1-18.5C810.2,18.1,775.7,67.3,734,67.3z\"\/>\n\t<path class=\"elementor-shape-fill\" d=\"M766.1,28.9c-200-57.5-266,65.5-395.1,19.5C242,1.8,242,5.4,184.8,20.6C128,35.8,132.3,44.9,89.9,52.5C28.6,63.7,0,0,0,0 h1000c0,0-9.9,40.9-83.6,48.1S829.6,47,766.1,28.9z\"\/>\n<\/svg>\t\t<\/div>\n\t\t\t\t<div class=\"elementor-element elementor-element-f6326b5 animated-slow elementor-invisible elementor-widget elementor-widget-heading\" data-id=\"f6326b5\" data-element_type=\"widget\" data-e-type=\"widget\" data-settings=\"{&quot;_animation&quot;:&quot;fadeInUp&quot;}\" data-widget_type=\"heading.default\">\n\t\t\t\t\t<h1 class=\"elementor-heading-title elementor-size-default\">Des coffrets cadeaux pour un s\u00e9jour exceptionnel dans le Morbihan<\/h1>\t\t\t\t<\/div>\n\t\t\t\t<div class=\"elementor-element elementor-element-9ad9a7b elementor-widget elementor-widget-text-editor\" data-id=\"9ad9a7b\" data-element_type=\"widget\" data-e-type=\"widget\" data-widget_type=\"text-editor.default\">\n\t\t\t\t\t\t\t\t\t<p>au Camping Les Bruy\u00e8res de Carnac<\/p>\t\t\t\t\t\t\t\t<\/div>\n\t\t\t\t\t<\/div>\n\t\t\t\t<\/div>\n\t\t<div class=\"elementor-element elementor-element-07b7e74 e-con-full e-flex e-con e-parent\" data-id=\"07b7e74\" data-element_type=\"container\" data-e-type=\"container\" data-settings=\"{&quot;background_background&quot;:&quot;classic&quot;}\">\n\t\t<div class=\"elementor-element elementor-element-6ff31eb e-con-full e-flex e-con e-child\" data-id=\"6ff31eb\" data-element_type=\"container\" data-e-type=\"container\">\n\t\t\t\t<div class=\"elementor-element elementor-element-c7280cd elementor-widget elementor-widget-text-editor\" data-id=\"c7280cd\" data-element_type=\"widget\" data-e-type=\"widget\" data-widget_type=\"text-editor.default\">\n\t\t\t\t\t\t\t\t\t<p>Offrez un s\u00e9jour exceptionnel au c\u0153ur de la Bretagne et des menhirs de Carnac pour une personne qui compte !<\/p><p>T\u00e9l\u00e9chargez le bon ci-dessous pour offrir \u00e0 la personne qui le m\u00e9rite :<\/p>\t\t\t\t\t\t\t\t<\/div>\n\t\t\t\t<\/div>\n\t\t\t\t<\/div>\n\t\t<div class=\"elementor-element elementor-element-d118638 e-con-full e-flex e-con e-parent\" data-id=\"d118638\" data-element_type=\"container\" data-e-type=\"container\" data-settings=\"{&quot;background_background&quot;:&quot;classic&quot;}\">\n\t\t<div class=\"elementor-element elementor-element-9d77488 e-con-full e-flex e-con e-child\" data-id=\"9d77488\" data-element_type=\"container\" data-e-type=\"container\">\n\t\t\t\t<div class=\"elementor-element elementor-element-a7ef73d elementor-widget elementor-widget-heading\" data-id=\"a7ef73d\" data-element_type=\"widget\" data-e-type=\"widget\" data-widget_type=\"heading.default\">\n\t\t\t\t\t<h2 class=\"elementor-heading-title elementor-size-default\">Coffret cadeau<\/h2>\t\t\t\t<\/div>\n\t\t\t\t<div class=\"elementor-element elementor-element-7cc96e8 elementor-widget elementor-widget-text-editor\" data-id=\"7cc96e8\" data-element_type=\"widget\" data-e-type=\"widget\" data-widget_type=\"text-editor.default\">\n\t\t\t\t\t\t\t\t\tOffre valable dans notre s\u00e9lection de <strong>location mobil home \u00e0 Carnac<\/strong> au camping Les Bruy\u00e8res de Carnac.\n\nN&rsquo;oubliez pas de r\u00e9server pour valider votre coffret cadeau, ou nous contacter pour plus d&rsquo;informations.\t\t\t\t\t\t\t\t<\/div>\n\t\t\t\t<div class=\"elementor-element elementor-element-73e5f2c elementor-align-left elementor-widget elementor-widget-button\" data-id=\"73e5f2c\" data-element_type=\"widget\" data-e-type=\"widget\" data-widget_type=\"button.default\">\n\t\t\t\t\t\t\t\t\t\t<a class=\"elementor-button elementor-button-link elementor-size-lg elementor-animation-grow\" href=\"https:\/\/lespiratesdecarnac.com\/contact\/\">\n\t\t\t\t\t\t<span class=\"elementor-button-content-wrapper\">\n\t\t\t\t\t\t<span class=\"elementor-button-icon\">\n\t\t\t\t<svg aria-hidden=\"true\" class=\"e-font-icon-svg e-far-comment\" viewBox=\"0 0 512 512\" xmlns=\"http:\/\/www.w3.org\/2000\/svg\"><path d=\"M256 32C114.6 32 0 125.1 0 240c0 47.6 19.9 91.2 52.9 126.3C38 405.7 7 439.1 6.5 439.5c-6.6 7-8.4 17.2-4.6 26S14.4 480 24 480c61.5 0 110-25.7 139.1-46.3C192 442.8 223.2 448 256 448c141.4 0 256-93.1 256-208S397.4 32 256 32zm0 368c-26.7 0-53.1-4.1-78.4-12.1l-22.7-7.2-19.5 13.8c-14.3 10.1-33.9 21.4-57.5 29 7.3-12.1 14.4-25.7 19.9-40.2l10.6-28.1-20.6-21.8C69.7 314.1 48 282.2 48 240c0-88.2 93.3-160 208-160s208 71.8 208 160-93.3 160-208 160z\"><\/path><\/svg>\t\t\t<\/span>\n\t\t\t\t\t\t\t\t\t<span class=\"elementor-button-text\">Nous contacter<\/span>\n\t\t\t\t\t<\/span>\n\t\t\t\t\t<\/a>\n\t\t\t\t\t\t\t\t<\/div>\n\t\t\t\t<\/div>\n\t\t<div class=\"elementor-element elementor-element-c530665 e-con-full e-flex e-con e-child\" data-id=\"c530665\" data-element_type=\"container\" data-e-type=\"container\" data-settings=\"{&quot;background_background&quot;:&quot;classic&quot;,&quot;background_motion_fx_motion_fx_scrolling&quot;:&quot;yes&quot;,&quot;background_motion_fx_devices&quot;:[&quot;desktop&quot;,&quot;tablet&quot;,&quot;mobile&quot;]}\">\n\t\t\t\t<\/div>\n\t\t\t\t<\/div>\n\t\t<div class=\"elementor-element elementor-element-0bc825e e-flex e-con-boxed e-con e-parent\" data-id=\"0bc825e\" data-element_type=\"container\" data-e-type=\"container\">\n\t\t\t\t\t<div class=\"e-con-inner\">\n\t\t<div class=\"elementor-element elementor-element-8c6e226 animated-slow e-con-full e-flex elementor-invisible e-con e-child\" data-id=\"8c6e226\" data-element_type=\"container\" data-e-type=\"container\" data-settings=\"{&quot;background_background&quot;:&quot;classic&quot;,&quot;animation&quot;:&quot;slideInUp&quot;,&quot;animation_delay&quot;:1000}\">\n\t\t<div class=\"elementor-element elementor-element-2a50290 e-con-full e-flex e-con e-child\" data-id=\"2a50290\" data-element_type=\"container\" data-e-type=\"container\">\n\t\t\t\t<div class=\"elementor-element elementor-element-d02205e elementor-widget-tablet__width-initial elementor-widget-mobile__width-inherit elementor-widget__width-initial elementor-position-top elementor-widget elementor-widget-image-box\" data-id=\"d02205e\" data-element_type=\"widget\" data-e-type=\"widget\" data-widget_type=\"image-box.default\">\n\t\t\t\t\t<div class=\"elementor-image-box-wrapper\"><figure class=\"elementor-image-box-img\"><a href=\"https:\/\/lespiratesdecarnac.com\/animation-mini-club\/\" target=\"_blank\" tabindex=\"-1\"><img decoding=\"async\" src=\"https:\/\/www.lespiratesdecarnac.com\/wp-content\/uploads\/elementor\/thumbs\/aire-jeux-pano-scaled-1-rbgl6go1j109rq3drj4h6noznmaxrih2nks9g29jm0.jpg\" title=\"aire jeux pano\" alt=\"Club enfant &quot;Le Rep\u00e8re des Petits Pirates&quot;, chez Les Pirates de Carnac, dans le Morbihan, en Bretagne Sud\" class=\"elementor-animation-grow\" loading=\"lazy\" \/><\/a><\/figure><div class=\"elementor-image-box-content\"><h3 class=\"elementor-image-box-title\"><a href=\"https:\/\/lespiratesdecarnac.com\/animation-mini-club\/\" target=\"_blank\">Club Enfants \"Le Repere des Petits Pirates\"<\/a><\/h3><p class=\"elementor-image-box-description\">D\u00e9couvrez un camping familial dans le Morbihan avec des animations diverses et captivantes qui raviront petits et grands.<\/p><\/div><\/div>\t\t\t\t<\/div>\n\t\t\t\t<div class=\"elementor-element elementor-element-3a75390 elementor-widget-tablet__width-initial elementor-widget-mobile__width-inherit elementor-widget__width-initial elementor-position-top elementor-widget elementor-widget-image-box\" data-id=\"3a75390\" data-element_type=\"widget\" data-e-type=\"widget\" data-widget_type=\"image-box.default\">\n\t\t\t\t\t<div class=\"elementor-image-box-wrapper\"><figure class=\"elementor-image-box-img\"><a href=\"https:\/\/lespiratesdecarnac.com\/location-mobil-home-carnac\/\" target=\"_blank\" tabindex=\"-1\"><img decoding=\"async\" src=\"https:\/\/www.lespiratesdecarnac.com\/wp-content\/uploads\/elementor\/thumbs\/MH-4-ch-pano-scaled-1-rbgl6hlvpv1k3c20m1j3r5gg906az7kszpfqxc85fs.jpg\" title=\"MH-4-ch-pano-scaled\" alt=\"MH-4-ch-pano-scaled\" class=\"elementor-animation-grow\" loading=\"lazy\" \/><\/a><\/figure><div class=\"elementor-image-box-content\"><h3 class=\"elementor-image-box-title\"><a href=\"https:\/\/lespiratesdecarnac.com\/location-mobil-home-carnac\/\" target=\"_blank\">Mobil-homes<\/a><\/h3><p class=\"elementor-image-box-description\">Venez d\u00e9couvrir notre s\u00e9lection de location de mobil home de 1 \u00e0 4 chambres \u00e0 Carnac tout confort pour toute la famille et \u00e9quip\u00e9 d'un raccordement TV TNT.<\/p><\/div><\/div>\t\t\t\t<\/div>\n\t\t\t\t<div class=\"elementor-element elementor-element-6442874 elementor-widget-tablet__width-initial elementor-widget-mobile__width-inherit elementor-widget__width-initial elementor-position-top elementor-widget elementor-widget-image-box\" data-id=\"6442874\" data-element_type=\"widget\" data-e-type=\"widget\" data-widget_type=\"image-box.default\">\n\t\t\t\t\t<div class=\"elementor-image-box-wrapper\"><figure class=\"elementor-image-box-img\"><a href=\"https:\/\/lespiratesdecarnac.com\/emplacement-camping-carnac\/\" target=\"_blank\" tabindex=\"-1\"><img decoding=\"async\" src=\"https:\/\/www.lespiratesdecarnac.com\/wp-content\/uploads\/elementor\/thumbs\/Camping-pano-rbgl6hlvpv1k3c20m1j3r5gg906az7kszpfqxc85fs.jpg\" title=\"Camping pano\" alt=\"Emplacement camping Les Bruy\u00e8res de Carnac, Golfe du Morbihan, Bretagne Sud, France\" class=\"elementor-animation-grow\" loading=\"lazy\" \/><\/a><\/figure><div class=\"elementor-image-box-content\"><h3 class=\"elementor-image-box-title\"><a href=\"https:\/\/lespiratesdecarnac.com\/emplacement-camping-carnac\/\" target=\"_blank\">Emplacements<\/a><\/h3><p class=\"elementor-image-box-description\">Nos emplacements spacieux et ombrag\u00e9s accueillent les caravanes, campings cars et tentes dans de tr\u00e8s jolis espaces.<\/p><\/div><\/div>\t\t\t\t<\/div>\n\t\t\t\t<div class=\"elementor-element elementor-element-ad546ec elementor-widget-tablet__width-initial elementor-widget-mobile__width-inherit elementor-widget__width-initial elementor-position-top elementor-widget elementor-widget-image-box\" data-id=\"ad546ec\" data-element_type=\"widget\" data-e-type=\"widget\" data-widget_type=\"image-box.default\">\n\t\t\t\t\t<div class=\"elementor-image-box-wrapper\"><figure class=\"elementor-image-box-img\"><a href=\"https:\/\/lespiratesdecarnac.com\/camping-carnac-piscine-couverte-chauffee\/\" target=\"_blank\" tabindex=\"-1\"><img decoding=\"async\" src=\"https:\/\/www.lespiratesdecarnac.com\/wp-content\/uploads\/elementor\/thumbs\/piscine-pano-2-scaled-1-rbgl6hlvpv1k3c20m1j3r5gg906az7kszpfqxc85fs.jpg\" title=\"piscine pano 2\" alt=\"piscine pano 2\" class=\"elementor-animation-grow\" loading=\"lazy\" \/><\/a><\/figure><div class=\"elementor-image-box-content\"><h3 class=\"elementor-image-box-title\"><a href=\"https:\/\/lespiratesdecarnac.com\/camping-carnac-piscine-couverte-chauffee\/\" target=\"_blank\">Piscine<\/a><\/h3><p class=\"elementor-image-box-description\">Profitez de notre camping avec piscine couverte et chauff\u00e9e \u00e0 28\u00b0 qui vous permet de profiter de l'eau par tous les temps, d\u00e8s le d\u00e9but de la saison.<\/p><\/div><\/div>\t\t\t\t<\/div>\n\t\t\t\t<\/div>\n\t\t\t\t<\/div>\n\t\t\t\t\t<\/div>\n\t\t\t\t<\/div>\n\t\t\t\t<\/div>\n\t\t","protected":false},"excerpt":{"rendered":"<p>Order your gift boxes - Meet the Pirates in Carnac - Camping Les Bruy\u00e8res de Carnac Baie de Quiberon Morbihan Bretagne Sud France<\/p>","protected":false},"author":1,"featured_media":7,"parent":0,"menu_order":0,"comment_status":"closed","ping_status":"open","template":"","meta":{"inline_featured_image":false,"footnotes":""},"categories":[],"tags":[],"class_list":["post-848","page","type-page","status-publish","has-post-thumbnail","hentry"],"yoast_head":"<!-- This site is optimized with the Yoast SEO plugin v27.4 - https:\/\/yoast.com\/product\/yoast-seo-wordpress\/ -->\n<title>Les Pirates de Carnac vous proposent des coffrets cadeaux 4*<\/title>\n<meta name=\"description\" content=\"Commandez vos coffrets cadeaux personnalis\u00e9s pour toutes les occasions, Saint Valentin, F\u00eate des M\u00e8res, F\u00eates des P\u00e8res, anniversaire, No\u00ebl..\" \/>\n<meta name=\"robots\" content=\"index, follow, max-snippet:-1, max-image-preview:large, max-video-preview:-1\" \/>\n<link rel=\"canonical\" href=\"https:\/\/www.lespiratesdecarnac.com\/en\/gift-boxes\/\" \/>\n<meta property=\"og:locale\" content=\"en_GB\" \/>\n<meta property=\"og:type\" content=\"article\" \/>\n<meta property=\"og:title\" content=\"Les Pirates de Carnac vous proposent des coffrets cadeaux 4*\" \/>\n<meta property=\"og:description\" content=\"Commandez vos coffrets cadeaux personnalis\u00e9s pour toutes les occasions, Saint Valentin, F\u00eate des M\u00e8res, F\u00eates des P\u00e8res, anniversaire, No\u00ebl..\" \/>\n<meta property=\"og:url\" content=\"https:\/\/www.lespiratesdecarnac.com\/en\/gift-boxes\/\" \/>\n<meta property=\"og:site_name\" content=\"Les Pirates de carnac\" \/>\n<meta property=\"article:publisher\" content=\"https:\/\/www.facebook.com\/Camping.les.Bruyeres.Carnac\" \/>\n<meta property=\"article:modified_time\" content=\"2025-09-11T14:16:17+00:00\" \/>\n<meta property=\"og:image\" content=\"https:\/\/www.lespiratesdecarnac.com\/wp-content\/uploads\/2023\/11\/NEW-LOGO-4-PIRATES-e1715868270390.jpg\" \/>\n\t<meta property=\"og:image:width\" content=\"1024\" \/>\n\t<meta property=\"og:image:height\" content=\"1024\" \/>\n\t<meta property=\"og:image:type\" content=\"image\/jpeg\" \/>\n<meta name=\"twitter:card\" content=\"summary_large_image\" \/>\n<meta name=\"twitter:label1\" content=\"Est. reading time\" \/>\n\t<meta name=\"twitter:data1\" content=\"1 minute\" \/>\n<script type=\"application\/ld+json\" class=\"yoast-schema-graph\">{\"@context\":\"https:\\\/\\\/schema.org\",\"@graph\":[{\"@type\":\"WebPage\",\"@id\":\"https:\\\/\\\/www.lespiratesdecarnac.com\\\/coffrets-cadeaux\\\/\",\"url\":\"https:\\\/\\\/www.lespiratesdecarnac.com\\\/coffrets-cadeaux\\\/\",\"name\":\"Les Pirates de Carnac vous proposent des coffrets cadeaux 4*\",\"isPartOf\":{\"@id\":\"https:\\\/\\\/www.lespiratesdecarnac.com\\\/#website\"},\"primaryImageOfPage\":{\"@id\":\"https:\\\/\\\/www.lespiratesdecarnac.com\\\/coffrets-cadeaux\\\/#primaryimage\"},\"image\":{\"@id\":\"https:\\\/\\\/www.lespiratesdecarnac.com\\\/coffrets-cadeaux\\\/#primaryimage\"},\"thumbnailUrl\":\"https:\\\/\\\/www.lespiratesdecarnac.com\\\/wp-content\\\/uploads\\\/2023\\\/11\\\/NEW-LOGO-4-PIRATES-e1715868270390.jpg\",\"datePublished\":\"2023-11-21T21:51:20+00:00\",\"dateModified\":\"2025-09-11T14:16:17+00:00\",\"description\":\"Commandez vos coffrets cadeaux personnalis\u00e9s pour toutes les occasions, Saint Valentin, F\u00eate des M\u00e8res, F\u00eates des P\u00e8res, anniversaire, No\u00ebl..\",\"inLanguage\":\"en-GB\",\"potentialAction\":[{\"@type\":\"ReadAction\",\"target\":[\"https:\\\/\\\/www.lespiratesdecarnac.com\\\/coffrets-cadeaux\\\/\"]}]},{\"@type\":\"ImageObject\",\"inLanguage\":\"en-GB\",\"@id\":\"https:\\\/\\\/www.lespiratesdecarnac.com\\\/coffrets-cadeaux\\\/#primaryimage\",\"url\":\"https:\\\/\\\/www.lespiratesdecarnac.com\\\/wp-content\\\/uploads\\\/2023\\\/11\\\/NEW-LOGO-4-PIRATES-e1715868270390.jpg\",\"contentUrl\":\"https:\\\/\\\/www.lespiratesdecarnac.com\\\/wp-content\\\/uploads\\\/2023\\\/11\\\/NEW-LOGO-4-PIRATES-e1715868270390.jpg\",\"width\":1024,\"height\":1024,\"caption\":\"Retrouvez les Pirates \u00e0 Carnac - Camping Les Bruy\u00e8res de Carnac Baie de Quiberon Morbihan Bretagne Sud France\"},{\"@type\":\"WebSite\",\"@id\":\"https:\\\/\\\/www.lespiratesdecarnac.com\\\/#website\",\"url\":\"https:\\\/\\\/www.lespiratesdecarnac.com\\\/\",\"name\":\"Les Pirates de carnac\",\"description\":\"Camping \u00e0 Carnac 4 \u00e9toiles\",\"publisher\":{\"@id\":\"https:\\\/\\\/www.lespiratesdecarnac.com\\\/#organization\"},\"potentialAction\":[{\"@type\":\"SearchAction\",\"target\":{\"@type\":\"EntryPoint\",\"urlTemplate\":\"https:\\\/\\\/www.lespiratesdecarnac.com\\\/?s={search_term_string}\"},\"query-input\":{\"@type\":\"PropertyValueSpecification\",\"valueRequired\":true,\"valueName\":\"search_term_string\"}}],\"inLanguage\":\"en-GB\"},{\"@type\":\"Organization\",\"@id\":\"https:\\\/\\\/www.lespiratesdecarnac.com\\\/#organization\",\"name\":\"Camping Les Bruy\u00e8res de Carnac\",\"url\":\"https:\\\/\\\/www.lespiratesdecarnac.com\\\/\",\"logo\":{\"@type\":\"ImageObject\",\"inLanguage\":\"en-GB\",\"@id\":\"https:\\\/\\\/www.lespiratesdecarnac.com\\\/#\\\/schema\\\/logo\\\/image\\\/\",\"url\":\"https:\\\/\\\/lespiratesdecarnac.com\\\/wp-content\\\/uploads\\\/2023\\\/11\\\/lesbruyeresblanctete.png\",\"contentUrl\":\"https:\\\/\\\/lespiratesdecarnac.com\\\/wp-content\\\/uploads\\\/2023\\\/11\\\/lesbruyeresblanctete.png\",\"width\":12501,\"height\":5910,\"caption\":\"Camping Les Bruy\u00e8res de Carnac\"},\"image\":{\"@id\":\"https:\\\/\\\/www.lespiratesdecarnac.com\\\/#\\\/schema\\\/logo\\\/image\\\/\"},\"sameAs\":[\"https:\\\/\\\/www.facebook.com\\\/Camping.les.Bruyeres.Carnac\",\"https:\\\/\\\/www.instagram.com\\\/campinglesbruyeresdecarnac\\\/\"]}]}<\/script>\n<!-- \/ Yoast SEO plugin. -->","yoast_head_json":{"title":"Les Pirates de Carnac vous proposent des coffrets cadeaux 4*","description":"Order your personalised gift boxes for all occasions, Valentine's Day, Mother's Day, Father's Day, birthdays, Christmas...","robots":{"index":"index","follow":"follow","max-snippet":"max-snippet:-1","max-image-preview":"max-image-preview:large","max-video-preview":"max-video-preview:-1"},"canonical":"https:\/\/www.lespiratesdecarnac.com\/en\/gift-boxes\/","og_locale":"en_GB","og_type":"article","og_title":"Les Pirates de Carnac vous proposent des coffrets cadeaux 4*","og_description":"Commandez vos coffrets cadeaux personnalis\u00e9s pour toutes les occasions, Saint Valentin, F\u00eate des M\u00e8res, F\u00eates des P\u00e8res, anniversaire, No\u00ebl..","og_url":"https:\/\/www.lespiratesdecarnac.com\/en\/gift-boxes\/","og_site_name":"Les Pirates de carnac","article_publisher":"https:\/\/www.facebook.com\/Camping.les.Bruyeres.Carnac","article_modified_time":"2025-09-11T14:16:17+00:00","og_image":[{"width":1024,"height":1024,"url":"https:\/\/www.lespiratesdecarnac.com\/wp-content\/uploads\/2023\/11\/NEW-LOGO-4-PIRATES-e1715868270390.jpg","type":"image\/jpeg"}],"twitter_card":"summary_large_image","twitter_misc":{"Est. reading time":"1 minute"},"schema":{"@context":"https:\/\/schema.org","@graph":[{"@type":"WebPage","@id":"https:\/\/www.lespiratesdecarnac.com\/coffrets-cadeaux\/","url":"https:\/\/www.lespiratesdecarnac.com\/coffrets-cadeaux\/","name":"Les Pirates de Carnac vous proposent des coffrets cadeaux 4*","isPartOf":{"@id":"https:\/\/www.lespiratesdecarnac.com\/#website"},"primaryImageOfPage":{"@id":"https:\/\/www.lespiratesdecarnac.com\/coffrets-cadeaux\/#primaryimage"},"image":{"@id":"https:\/\/www.lespiratesdecarnac.com\/coffrets-cadeaux\/#primaryimage"},"thumbnailUrl":"https:\/\/www.lespiratesdecarnac.com\/wp-content\/uploads\/2023\/11\/NEW-LOGO-4-PIRATES-e1715868270390.jpg","datePublished":"2023-11-21T21:51:20+00:00","dateModified":"2025-09-11T14:16:17+00:00","description":"Order your personalised gift boxes for all occasions, Valentine's Day, Mother's Day, Father's Day, birthdays, Christmas...","inLanguage":"en-GB","potentialAction":[{"@type":"ReadAction","target":["https:\/\/www.lespiratesdecarnac.com\/coffrets-cadeaux\/"]}]},{"@type":"ImageObject","inLanguage":"en-GB","@id":"https:\/\/www.lespiratesdecarnac.com\/coffrets-cadeaux\/#primaryimage","url":"https:\/\/www.lespiratesdecarnac.com\/wp-content\/uploads\/2023\/11\/NEW-LOGO-4-PIRATES-e1715868270390.jpg","contentUrl":"https:\/\/www.lespiratesdecarnac.com\/wp-content\/uploads\/2023\/11\/NEW-LOGO-4-PIRATES-e1715868270390.jpg","width":1024,"height":1024,"caption":"Retrouvez les Pirates \u00e0 Carnac - Camping Les Bruy\u00e8res de Carnac Baie de Quiberon Morbihan Bretagne Sud France"},{"@type":"WebSite","@id":"https:\/\/www.lespiratesdecarnac.com\/#website","url":"https:\/\/www.lespiratesdecarnac.com\/","name":"Les Pirates de carnac","description":"Camping \u00e0 Carnac 4 \u00e9toiles","publisher":{"@id":"https:\/\/www.lespiratesdecarnac.com\/#organization"},"potentialAction":[{"@type":"SearchAction","target":{"@type":"EntryPoint","urlTemplate":"https:\/\/www.lespiratesdecarnac.com\/?s={search_term_string}"},"query-input":{"@type":"PropertyValueSpecification","valueRequired":true,"valueName":"search_term_string"}}],"inLanguage":"en-GB"},{"@type":"Organization","@id":"https:\/\/www.lespiratesdecarnac.com\/#organization","name":"Campsite Les Bruy\u00e8res de Carnac","url":"https:\/\/www.lespiratesdecarnac.com\/","logo":{"@type":"ImageObject","inLanguage":"en-GB","@id":"https:\/\/www.lespiratesdecarnac.com\/#\/schema\/logo\/image\/","url":"https:\/\/lespiratesdecarnac.com\/wp-content\/uploads\/2023\/11\/lesbruyeresblanctete.png","contentUrl":"https:\/\/lespiratesdecarnac.com\/wp-content\/uploads\/2023\/11\/lesbruyeresblanctete.png","width":12501,"height":5910,"caption":"Camping Les Bruy\u00e8res de Carnac"},"image":{"@id":"https:\/\/www.lespiratesdecarnac.com\/#\/schema\/logo\/image\/"},"sameAs":["https:\/\/www.facebook.com\/Camping.les.Bruyeres.Carnac","https:\/\/www.instagram.com\/campinglesbruyeresdecarnac\/"]}]}},"_links":{"self":[{"href":"https:\/\/www.lespiratesdecarnac.com\/en\/wp-json\/wp\/v2\/pages\/848","targetHints":{"allow":["GET"]}}],"collection":[{"href":"https:\/\/www.lespiratesdecarnac.com\/en\/wp-json\/wp\/v2\/pages"}],"about":[{"href":"https:\/\/www.lespiratesdecarnac.com\/en\/wp-json\/wp\/v2\/types\/page"}],"author":[{"embeddable":true,"href":"https:\/\/www.lespiratesdecarnac.com\/en\/wp-json\/wp\/v2\/users\/1"}],"replies":[{"embeddable":true,"href":"https:\/\/www.lespiratesdecarnac.com\/en\/wp-json\/wp\/v2\/comments?post=848"}],"version-history":[{"count":7,"href":"https:\/\/www.lespiratesdecarnac.com\/en\/wp-json\/wp\/v2\/pages\/848\/revisions"}],"predecessor-version":[{"id":4609,"href":"https:\/\/www.lespiratesdecarnac.com\/en\/wp-json\/wp\/v2\/pages\/848\/revisions\/4609"}],"wp:featuredmedia":[{"embeddable":true,"href":"https:\/\/www.lespiratesdecarnac.com\/en\/wp-json\/wp\/v2\/media\/7"}],"wp:attachment":[{"href":"https:\/\/www.lespiratesdecarnac.com\/en\/wp-json\/wp\/v2\/media?parent=848"}],"wp:term":[{"taxonomy":"category","embeddable":true,"href":"https:\/\/www.lespiratesdecarnac.com\/en\/wp-json\/wp\/v2\/categories?post=848"},{"taxonomy":"post_tag","embeddable":true,"href":"https:\/\/www.lespiratesdecarnac.com\/en\/wp-json\/wp\/v2\/tags?post=848"}],"curies":[{"name":"wp","href":"https:\/\/api.w.org\/{rel}","templated":true}]}}