{"id":1061,"date":"2023-11-22T13:27:35","date_gmt":"2023-11-22T12:27:35","guid":{"rendered":"http:\/\/lesbruyres.local\/?page_id=1061"},"modified":"2025-09-11T16:29:12","modified_gmt":"2025-09-11T15:29:12","slug":"rechtliche-hinweise","status":"publish","type":"page","link":"https:\/\/www.lespiratesdecarnac.com\/de\/rechtliche-hinweise\/","title":{"rendered":"Rechtliche Hinweise"},"content":{"rendered":"<div data-elementor-type=\"wp-page\" data-elementor-id=\"1061\" class=\"elementor elementor-1061\" data-elementor-post-type=\"page\">\n\t\t\t\t<div class=\"elementor-element elementor-element-41407ab e-con-full e-flex e-con e-parent\" data-id=\"41407ab\" data-element_type=\"container\" data-e-type=\"container\" data-settings=\"{&quot;background_background&quot;:&quot;classic&quot;}\">\n\t\t<div class=\"elementor-element elementor-element-42af250 e-con-full e-flex e-con e-child\" data-id=\"42af250\" data-element_type=\"container\" data-e-type=\"container\">\n\t\t\t\t<div class=\"elementor-element elementor-element-bb752b7 elementor-widget elementor-widget-text-editor\" data-id=\"bb752b7\" data-element_type=\"widget\" data-e-type=\"widget\" data-widget_type=\"text-editor.default\">\n\t\t\t\t\t\t\t\t\t<h1>Rechtliche Hinweise - Les Bruy\u00e8res de Carnac<\/h1><h2>1 - Bearbeiten der Seite<\/h2><p>Unter <strong><a href=\"https:\/\/www.legifrance.gouv.fr\/affichTexte.do?cidTexte=JORFTEXT000000801164#LEGIARTI000042038977\" target=\"_blank\" rel=\"noreferrer noopener\">Artikel 6 des Gesetzes Nr. 2004-575 vom 21. Juni 2004<\/a><\/strong> f\u00fcr das Vertrauen in die digitale Wirtschaft, wird den Nutzern der Website Folgendes mitgeteilt <a href=\"https:\/\/www.lespiratesdecarnac.com\/de\"><strong>https:\/\/lespiratesdecarnac.com\/<\/strong><\/a> die Identit\u00e4t der verschiedenen Personen, die an seiner Durchf\u00fchrung und Nachbereitung beteiligt sind:<\/p><p><strong>Eigent\u00fcmer der Website : <\/strong><\/p><p>- Kontakt: <br \/>contact@camping-lesbruyeres.com 0297523057<\/p><p>- Adresse: <br \/>Campingplatz Les Bruy\u00e8res de Carnac<br \/>Lieu dit Kerogile<br \/>56340 Carnac<br \/>Frankreich.<\/p><p><strong>Identifikation des Unternehmens :<\/strong><\/p><p>SAS mit einem Stammkapital von 10000\u20ac<\/p><p>- SIREN :<\/p><p>- RCS oder RM: Lorient B 480 546 845<\/p><p>- Postanschrift :<br \/>Campingplatz Les Bruy\u00e8res de Carnac<br \/>Lieu dit Kerogile<br \/>56340 Carnac<br \/>Frankreich.<br \/><a href=\"https:\/\/lespiratesdecarnac.com\/wp-content\/uploads\/2021\/07\/2021.cgv_.fr_.pdf\"><strong>AGB<\/strong><\/a><\/p><p><strong>Leiter der Ver\u00f6ffentlichung :<\/strong><\/p><p>Chrystelle Ricordeau<br \/>Kontakt: contact@camping-lesbruyeres.com<\/p><p><strong>Hosting :<\/strong><\/p><p>LWS<br \/>4, GALVANI STRASSE<br \/>75838 PARIS CEDEX<br \/>FRANKREICH<br \/>01 77 62 30 03<\/p><p><strong>Datenschutzbeauftragter : <\/strong><\/p><p>Chrystelle Ricordeau - contact@camping-lesbruyeres.com<\/p><p><strong>Andere Mitwirkende :<\/strong><\/p><h3>Erstellung der Internetseite<\/h3><p>Iconic-Digital<br \/>Tel.: +33 7.49.31.13.92<br \/>E-Mail: contact@iconic-digital.fr<br \/>Website : <strong><a href=\"http:\/\/www.iconic-digital.fr\">www.iconic-digital.fr<\/a><\/strong><\/p><p>\u00a0<\/p><h2>2 - Geistiges Eigentum und F\u00e4lschungen.<\/h2><p>Les Bruy\u00e8res de Carnac ist Eigent\u00fcmer der Rechte am geistigen Eigentum und besitzt die Nutzungsrechte f\u00fcr alle auf der Website zug\u00e4nglichen Elemente, insbesondere Texte, Bilder, Grafiken, Logos, Videos, Architektur, Icons und Sounds.<\/p><p>Jede Reproduktion, Darstellung, \u00c4nderung, Ver\u00f6ffentlichung und Anpassung aller oder eines Teils der Elemente der Website, unabh\u00e4ngig von den verwendeten Mitteln oder Verfahren, ist ohne vorherige schriftliche Genehmigung von Christelle Ricordeau untersagt.<\/p><p>Jede nicht genehmigte Nutzung der Website oder eines ihrer Elemente wird als F\u00e4lschung betrachtet und gem\u00e4\u00df den Bestimmungen der Artikel <a href=\"https:\/\/www.legifrance.gouv.fr\/affichCodeArticle.do?idArticle=LEGIARTI000032655082&amp;cidTexte=LEGITEXT000006069414&amp;dateTexte=20160605\" target=\"_blank\" rel=\"noreferrer noopener\"><strong>L.335-2 ff. des Code de Propri\u00e9t\u00e9 Intellectuelle (Gesetz \u00fcber geistiges Eigentum)<\/strong><\/a>.<\/p><h2>3 - Haftungsbeschr\u00e4nkungen.<\/h2><p>Les Bruy\u00e8res de Carnac haftet nicht f\u00fcr direkte oder indirekte Sch\u00e4den an der Hardware des Nutzers, die beim Zugriff auf die Website entstehen. <a href=\"https:\/\/www.lespiratesdecarnac.com\/de\"><strong>https:\/\/lespiratesdecarnac.com\/<\/strong><\/a>.<\/p><p>Les Bruy\u00e8res de Carnac \u00fcbernimmt keine Verantwortung f\u00fcr die Nutzung von Informationen und Inhalten, die auf <a href=\"https:\/\/www.lespiratesdecarnac.com\/de\"><strong>https:\/\/lespiratesdecarnac.com\/<\/strong><\/a>.<\/p><p>Les Bruy\u00e8res de Carnac verpflichtet sich, den Ort so gut wie m\u00f6glich zu sichern <a href=\"https:\/\/www.lespiratesdecarnac.com\/de\"><strong>https:\/\/lespiratesdecarnac.com\/<\/strong><\/a>Sie kann jedoch nicht haftbar gemacht werden, wenn unerw\u00fcnschte Daten ohne ihr Wissen auf ihre Website importiert und installiert werden.<\/p><p>Interaktive Bereiche (Kontakt- oder Kommentarbereich) stehen den Nutzern zur Verf\u00fcgung. beh\u00e4lt sich das Recht vor, ohne vorherige Mahnung jeden in diesem Bereich abgelegten Inhalt zu l\u00f6schen, der gegen die in Frankreich geltenden Gesetze, insbesondere die Bestimmungen zum Datenschutz, verst\u00f6\u00dft.<\/p><p>Dies gilt insbesondere f\u00fcr rassistische, beleidigende, verleumderische oder pornografische Mitteilungen, unabh\u00e4ngig von den verwendeten Medien (Text, Fotografie ...).<\/p><h2>4 - CNIL und Umgang mit pers\u00f6nlichen Daten.<\/h2><p>Gem\u00e4\u00df den Bestimmungen von <strong><a href=\"https:\/\/www.legifrance.gouv.fr\/affichTexte.do?cidTexte=JORFTEXT000000886460\" target=\"_blank\" rel=\"noreferrer noopener\">das ge\u00e4nderte Gesetz 78-17 vom 6. Januar 1978<\/a><\/strong>Der Nutzer der Website <a href=\"https:\/\/www.lespiratesdecarnac.com\/de\"><strong>https:\/\/lespiratesdecarnac.com\/<\/strong><\/a> hat das Recht, auf die gesammelten Informationen zuzugreifen, sie zu \u00e4ndern und zu l\u00f6schen. Um dieses Recht auszu\u00fcben, senden Sie eine Nachricht an unseren Datenschutzbeauftragten : <strong>Chrystelle Ricordeau<\/strong> &#8211; <strong>contact@camping-lesbruyeres.com<\/strong>.<\/p><h2>5 - Hyperlinks und Cookies<\/h2><p>Die Seite <strong><a href=\"http:\/\/https:\/\/lespiratesdecarnac.com\/\">https:\/\/lespiratesdecarnac.com\/<\/a><\/strong> enth\u00e4lt Hyperlinks zu anderen Websites und \u00fcbernimmt keine Verantwortung f\u00fcr diese externen Links oder f\u00fcr Links, die von anderen Websites zu <a href=\"http:\/\/https:\/\/lespiratesdecarnac.com\/\"><strong>https:\/\/lespiratesdecarnac.com\/<\/strong><\/a>.<\/p><p>Die Navigation auf der Seite <a href=\"https:\/\/www.lespiratesdecarnac.com\/de\"><strong>https:\/\/lespiratesdecarnac.com\/<\/strong><\/a> kann dazu f\u00fchren, dass auf dem Computer des Nutzers ein Cookie(s) installiert wird.<\/p><p>Ein \"Cookie\" ist eine kleine Datei, die Informationen \u00fcber die Navigation eines Nutzers auf einer Website speichert. Die so gewonnenen Daten erm\u00f6glichen z. B. die Messung der Besucherzahlen.<\/p><p>Sie haben die M\u00f6glichkeit <strong>Cookies zu akzeptieren oder abzulehnen<\/strong> indem Sie die Einstellungen Ihres Browsers \u00e4ndern. Ohne Ihre Zustimmung werden keine Cookies abgelegt.<\/p><p>Cookies werden f\u00fcr eine Dauer von maximal Monaten gespeichert.<\/p><h2>6 - Anwendbares Recht und Gerichtsstand.<\/h2><p>Alle Streitigkeiten im Zusammenhang mit der Nutzung der Website <a href=\"https:\/\/www.lespiratesdecarnac.com\/de\"><strong>https:\/\/lespiratesdecarnac.com\/<\/strong><\/a> unterliegt dem franz\u00f6sischen Recht. Au\u00dfer in F\u00e4llen, in denen dies gesetzlich nicht zul\u00e4ssig ist, wird die ausschlie\u00dfliche Zust\u00e4ndigkeit den zust\u00e4ndigen Gerichten von <strong>Lorient<\/strong>.<\/p>\t\t\t\t\t\t\t\t<\/div>\n\t\t\t\t<\/div>\n\t\t\t\t<\/div>\n\t\t<div class=\"elementor-element elementor-element-1de218f animated-slow e-con-full e-flex elementor-invisible e-con e-parent\" data-id=\"1de218f\" data-element_type=\"container\" data-e-type=\"container\" data-settings=\"{&quot;background_background&quot;:&quot;classic&quot;,&quot;animation&quot;:&quot;slideInUp&quot;,&quot;animation_delay&quot;:1000}\">\n\t\t<div class=\"elementor-element elementor-element-fa7614e e-con-full e-flex e-con e-child\" data-id=\"fa7614e\" data-element_type=\"container\" data-e-type=\"container\">\n\t\t\t\t<div class=\"elementor-element elementor-element-52a33a9 elementor-widget-tablet__width-initial elementor-widget-mobile__width-inherit elementor-widget__width-initial elementor-position-top elementor-widget elementor-widget-image-box\" data-id=\"52a33a9\" data-element_type=\"widget\" data-e-type=\"widget\" data-widget_type=\"image-box.default\">\n\t\t\t\t\t<div class=\"elementor-image-box-wrapper\"><figure class=\"elementor-image-box-img\"><a href=\"https:\/\/www.lespiratesdecarnac.com\/de\/miniclub-animation\/\" target=\"_blank\" tabindex=\"-1\"><img decoding=\"async\" src=\"https:\/\/www.lespiratesdecarnac.com\/wp-content\/uploads\/elementor\/thumbs\/aire-jeux-pano-scaled-1-rbgl6go1j109rq3drj4h6noznmaxrih2nks9g29jm0.jpg\" title=\"Spielplatz pano\" alt=\"Club enfant &quot;Le Rep\u00e8re des Petits Pirates&quot;, chez Les Pirates de Carnac, dans le Morbihan, en Bretagne Sud\" class=\"elementor-animation-grow\" loading=\"lazy\" \/><\/a><\/figure><div class=\"elementor-image-box-content\"><h3 class=\"elementor-image-box-title\"><a href=\"https:\/\/www.lespiratesdecarnac.com\/de\/miniclub-animation\/\" target=\"_blank\">Kinderclub \"Le Repere des Petits Pirates\" (Das Versteck der kleinen Piraten)<\/a><\/h3><p class=\"elementor-image-box-description\">Entdecken Sie einen Familiencampingplatz im Morbihan mit vielf\u00e4ltigen und spannenden Animationen, die Gro\u00df und Klein begeistern werden.<\/p><\/div><\/div>\t\t\t\t<\/div>\n\t\t\t\t<div class=\"elementor-element elementor-element-e0a87e4 elementor-widget-tablet__width-initial elementor-widget-mobile__width-inherit elementor-widget__width-initial elementor-position-top elementor-widget elementor-widget-image-box\" data-id=\"e0a87e4\" data-element_type=\"widget\" data-e-type=\"widget\" data-widget_type=\"image-box.default\">\n\t\t\t\t\t<div class=\"elementor-image-box-wrapper\"><figure class=\"elementor-image-box-img\"><a href=\"https:\/\/www.lespiratesdecarnac.com\/de\/vermietung-mobilheim-carnac\/\" target=\"_blank\" tabindex=\"-1\"><img decoding=\"async\" src=\"https:\/\/www.lespiratesdecarnac.com\/wp-content\/uploads\/elementor\/thumbs\/MH-4-ch-pano-scaled-1-rbgl6hlvpv1k3c20m1j3r5gg906az7kszpfqxc85fs.jpg\" title=\"MH-4-ch-pano-scaled\" alt=\"MH-4-ch-pano-scaled\" class=\"elementor-animation-grow\" loading=\"lazy\" \/><\/a><\/figure><div class=\"elementor-image-box-content\"><h3 class=\"elementor-image-box-title\"><a href=\"https:\/\/www.lespiratesdecarnac.com\/de\/vermietung-mobilheim-carnac\/\" target=\"_blank\">Mobilheime<\/a><\/h3><p class=\"elementor-image-box-description\">Entdecken Sie unsere Auswahl an Mobilheimen mit 1 bis 4 Schlafzimmern in Carnac, die mit allem Komfort f\u00fcr die ganze Familie ausgestattet sind und \u00fcber einen DVB-T-TV-Anschluss verf\u00fcgen.<\/p><\/div><\/div>\t\t\t\t<\/div>\n\t\t\t\t<div class=\"elementor-element elementor-element-c262042 elementor-widget-tablet__width-initial elementor-widget-mobile__width-inherit elementor-widget__width-initial elementor-position-top elementor-widget elementor-widget-image-box\" data-id=\"c262042\" data-element_type=\"widget\" data-e-type=\"widget\" data-widget_type=\"image-box.default\">\n\t\t\t\t\t<div class=\"elementor-image-box-wrapper\"><figure class=\"elementor-image-box-img\"><a href=\"https:\/\/www.lespiratesdecarnac.com\/de\/stellplatz-camping-carnac\/\" target=\"_blank\" tabindex=\"-1\"><img decoding=\"async\" src=\"https:\/\/www.lespiratesdecarnac.com\/wp-content\/uploads\/elementor\/thumbs\/Camping-pano-rbgl6hlvpv1k3c20m1j3r5gg906az7kszpfqxc85fs.jpg\" title=\"Camping pano\" alt=\"Stellplatz Campingplatz Les Bruy\u00e8res de Carnac, Golf von Morbihan, S\u00fcd Bretagne, Frankreich\" class=\"elementor-animation-grow\" loading=\"lazy\" \/><\/a><\/figure><div class=\"elementor-image-box-content\"><h3 class=\"elementor-image-box-title\"><a href=\"https:\/\/www.lespiratesdecarnac.com\/de\/stellplatz-camping-carnac\/\" target=\"_blank\">Standorte<\/a><\/h3><p class=\"elementor-image-box-description\">Unsere ger\u00e4umigen und schattigen Stellpl\u00e4tze empfangen Wohnwagen, Wohnmobile und Zelte in sehr sch\u00f6nen Bereichen.<\/p><\/div><\/div>\t\t\t\t<\/div>\n\t\t\t\t<div class=\"elementor-element elementor-element-36b9751 elementor-widget-tablet__width-initial elementor-widget-mobile__width-inherit elementor-widget__width-initial elementor-position-top elementor-widget elementor-widget-image-box\" data-id=\"36b9751\" data-element_type=\"widget\" data-e-type=\"widget\" data-widget_type=\"image-box.default\">\n\t\t\t\t\t<div class=\"elementor-image-box-wrapper\"><figure class=\"elementor-image-box-img\"><a href=\"https:\/\/www.lespiratesdecarnac.com\/de\/camping-carnac-beheiztes-hallenbad\/\" target=\"_blank\" tabindex=\"-1\"><img decoding=\"async\" src=\"https:\/\/www.lespiratesdecarnac.com\/wp-content\/uploads\/elementor\/thumbs\/piscine-pano-2-scaled-1-rbgl6hlvpv1k3c20m1j3r5gg906az7kszpfqxc85fs.jpg\" title=\"Pool pano 2\" alt=\"Pool pano 2\" class=\"elementor-animation-grow\" loading=\"lazy\" \/><\/a><\/figure><div class=\"elementor-image-box-content\"><h3 class=\"elementor-image-box-title\"><a href=\"https:\/\/www.lespiratesdecarnac.com\/de\/camping-carnac-beheiztes-hallenbad\/\" target=\"_blank\">Swimmingpool<\/a><\/h3><p class=\"elementor-image-box-description\">Profitez de notre camping avec piscine couverte et chauff\u00e9e \u00e0 28\u00b0 qui vous permet de profiter de l'eau par tous les temps, d\u00e8s le d\u00e9but de la saison.<\/p><\/div><\/div>\t\t\t\t<\/div>\n\t\t\t\t<\/div>\n\t\t\t\t<\/div>\n\t\t\t\t<\/div>","protected":false},"excerpt":{"rendered":"<p>Vermietung von Mobilheimen und ungew\u00f6hnlichen Unterk\u00fcnften in Carnac - -.<br \/>\nFinden Sie die Piraten in Carnac - Camping Les Bruy\u00e8res de Carnac Baie de Quiberon Morbihan Bretagne Sud Frankreich<\/p>","protected":false},"author":1,"featured_media":7,"parent":0,"menu_order":0,"comment_status":"closed","ping_status":"open","template":"","meta":{"inline_featured_image":false,"footnotes":""},"categories":[],"tags":[],"class_list":["post-1061","page","type-page","status-publish","has-post-thumbnail","hentry"],"yoast_head":"<!-- This site is optimized with the Yoast SEO plugin v27.3 - https:\/\/yoast.com\/product\/yoast-seo-wordpress\/ -->\n<title>Mentions l\u00e9gales Camping Les Bruy\u00e8res de Carnac 4*<\/title>\n<meta name=\"description\" content=\"Mentions l\u00e9gales - Camping Les Bruy\u00e8res de Carnac 4* dans le Golfe du Morbihan, en Baie de Quiberon, Bretagne Sud, France - Camping Carnac\" \/>\n<meta name=\"robots\" content=\"index, follow, max-snippet:-1, max-image-preview:large, max-video-preview:-1\" \/>\n<link rel=\"canonical\" href=\"https:\/\/www.lespiratesdecarnac.com\/de\/rechtliche-hinweise\/\" \/>\n<meta property=\"og:locale\" content=\"de_DE\" \/>\n<meta property=\"og:type\" content=\"article\" \/>\n<meta property=\"og:title\" content=\"Mentions l\u00e9gales Camping Les Bruy\u00e8res de Carnac 4*\" \/>\n<meta property=\"og:description\" content=\"Mentions l\u00e9gales - Camping Les Bruy\u00e8res de Carnac 4* dans le Golfe du Morbihan, en Baie de Quiberon, Bretagne Sud, France - Camping Carnac\" \/>\n<meta property=\"og:url\" content=\"https:\/\/www.lespiratesdecarnac.com\/de\/rechtliche-hinweise\/\" \/>\n<meta property=\"og:site_name\" content=\"Les Pirates de carnac\" \/>\n<meta property=\"article:publisher\" content=\"https:\/\/www.facebook.com\/Camping.les.Bruyeres.Carnac\" \/>\n<meta property=\"article:modified_time\" content=\"2025-09-11T15:29:12+00:00\" \/>\n<meta property=\"og:image\" content=\"https:\/\/www.lespiratesdecarnac.com\/wp-content\/uploads\/2023\/11\/NEW-LOGO-4-PIRATES-e1715868270390.jpg\" \/>\n\t<meta property=\"og:image:width\" content=\"1024\" \/>\n\t<meta property=\"og:image:height\" content=\"1024\" \/>\n\t<meta property=\"og:image:type\" content=\"image\/jpeg\" \/>\n<meta name=\"twitter:card\" content=\"summary_large_image\" \/>\n<meta name=\"twitter:label1\" content=\"Est. reading time\" \/>\n\t<meta name=\"twitter:data1\" content=\"5 minutes\" \/>\n<script type=\"application\/ld+json\" class=\"yoast-schema-graph\">{\"@context\":\"https:\\\/\\\/schema.org\",\"@graph\":[{\"@type\":\"WebPage\",\"@id\":\"https:\\\/\\\/www.lespiratesdecarnac.com\\\/mentions-legales\\\/\",\"url\":\"https:\\\/\\\/www.lespiratesdecarnac.com\\\/mentions-legales\\\/\",\"name\":\"Mentions l\u00e9gales Camping Les Bruy\u00e8res de Carnac 4*\",\"isPartOf\":{\"@id\":\"https:\\\/\\\/www.lespiratesdecarnac.com\\\/#website\"},\"primaryImageOfPage\":{\"@id\":\"https:\\\/\\\/www.lespiratesdecarnac.com\\\/mentions-legales\\\/#primaryimage\"},\"image\":{\"@id\":\"https:\\\/\\\/www.lespiratesdecarnac.com\\\/mentions-legales\\\/#primaryimage\"},\"thumbnailUrl\":\"https:\\\/\\\/www.lespiratesdecarnac.com\\\/wp-content\\\/uploads\\\/2023\\\/11\\\/NEW-LOGO-4-PIRATES-e1715868270390.jpg\",\"datePublished\":\"2023-11-22T12:27:35+00:00\",\"dateModified\":\"2025-09-11T15:29:12+00:00\",\"description\":\"Mentions l\u00e9gales - Camping Les Bruy\u00e8res de Carnac 4* dans le Golfe du Morbihan, en Baie de Quiberon, Bretagne Sud, France - Camping Carnac\",\"inLanguage\":\"de-DE-formal\",\"potentialAction\":[{\"@type\":\"ReadAction\",\"target\":[\"https:\\\/\\\/www.lespiratesdecarnac.com\\\/mentions-legales\\\/\"]}]},{\"@type\":\"ImageObject\",\"inLanguage\":\"de-DE-formal\",\"@id\":\"https:\\\/\\\/www.lespiratesdecarnac.com\\\/mentions-legales\\\/#primaryimage\",\"url\":\"https:\\\/\\\/www.lespiratesdecarnac.com\\\/wp-content\\\/uploads\\\/2023\\\/11\\\/NEW-LOGO-4-PIRATES-e1715868270390.jpg\",\"contentUrl\":\"https:\\\/\\\/www.lespiratesdecarnac.com\\\/wp-content\\\/uploads\\\/2023\\\/11\\\/NEW-LOGO-4-PIRATES-e1715868270390.jpg\",\"width\":1024,\"height\":1024,\"caption\":\"Retrouvez les Pirates \u00e0 Carnac - Camping Les Bruy\u00e8res de Carnac Baie de Quiberon Morbihan Bretagne Sud France\"},{\"@type\":\"WebSite\",\"@id\":\"https:\\\/\\\/www.lespiratesdecarnac.com\\\/#website\",\"url\":\"https:\\\/\\\/www.lespiratesdecarnac.com\\\/\",\"name\":\"Les Pirates de carnac\",\"description\":\"Camping \u00e0 Carnac 4 \u00e9toiles\",\"publisher\":{\"@id\":\"https:\\\/\\\/www.lespiratesdecarnac.com\\\/#organization\"},\"potentialAction\":[{\"@type\":\"SearchAction\",\"target\":{\"@type\":\"EntryPoint\",\"urlTemplate\":\"https:\\\/\\\/www.lespiratesdecarnac.com\\\/?s={search_term_string}\"},\"query-input\":{\"@type\":\"PropertyValueSpecification\",\"valueRequired\":true,\"valueName\":\"search_term_string\"}}],\"inLanguage\":\"de-DE-formal\"},{\"@type\":\"Organization\",\"@id\":\"https:\\\/\\\/www.lespiratesdecarnac.com\\\/#organization\",\"name\":\"Camping Les Bruy\u00e8res de Carnac\",\"url\":\"https:\\\/\\\/www.lespiratesdecarnac.com\\\/\",\"logo\":{\"@type\":\"ImageObject\",\"inLanguage\":\"de-DE-formal\",\"@id\":\"https:\\\/\\\/www.lespiratesdecarnac.com\\\/#\\\/schema\\\/logo\\\/image\\\/\",\"url\":\"https:\\\/\\\/lespiratesdecarnac.com\\\/wp-content\\\/uploads\\\/2023\\\/11\\\/lesbruyeresblanctete.png\",\"contentUrl\":\"https:\\\/\\\/lespiratesdecarnac.com\\\/wp-content\\\/uploads\\\/2023\\\/11\\\/lesbruyeresblanctete.png\",\"width\":12501,\"height\":5910,\"caption\":\"Camping Les Bruy\u00e8res de Carnac\"},\"image\":{\"@id\":\"https:\\\/\\\/www.lespiratesdecarnac.com\\\/#\\\/schema\\\/logo\\\/image\\\/\"},\"sameAs\":[\"https:\\\/\\\/www.facebook.com\\\/Camping.les.Bruyeres.Carnac\",\"https:\\\/\\\/www.instagram.com\\\/campinglesbruyeresdecarnac\\\/\"]}]}<\/script>\n<!-- \/ Yoast SEO plugin. -->","yoast_head_json":{"title":"Mentions l\u00e9gales Camping Les Bruy\u00e8res de Carnac 4*","description":"Mentions l\u00e9gales - Camping Les Bruy\u00e8res de Carnac 4* dans le Golfe du Morbihan, en Baie de Quiberon, Bretagne Sud, France - Camping Carnac","robots":{"index":"index","follow":"follow","max-snippet":"max-snippet:-1","max-image-preview":"max-image-preview:large","max-video-preview":"max-video-preview:-1"},"canonical":"https:\/\/www.lespiratesdecarnac.com\/de\/rechtliche-hinweise\/","og_locale":"de_DE","og_type":"article","og_title":"Mentions l\u00e9gales Camping Les Bruy\u00e8res de Carnac 4*","og_description":"Mentions l\u00e9gales - Camping Les Bruy\u00e8res de Carnac 4* dans le Golfe du Morbihan, en Baie de Quiberon, Bretagne Sud, France - Camping Carnac","og_url":"https:\/\/www.lespiratesdecarnac.com\/de\/rechtliche-hinweise\/","og_site_name":"Les Pirates de carnac","article_publisher":"https:\/\/www.facebook.com\/Camping.les.Bruyeres.Carnac","article_modified_time":"2025-09-11T15:29:12+00:00","og_image":[{"width":1024,"height":1024,"url":"https:\/\/www.lespiratesdecarnac.com\/wp-content\/uploads\/2023\/11\/NEW-LOGO-4-PIRATES-e1715868270390.jpg","type":"image\/jpeg"}],"twitter_card":"summary_large_image","twitter_misc":{"Est. reading time":"5 minutes"},"schema":{"@context":"https:\/\/schema.org","@graph":[{"@type":"WebPage","@id":"https:\/\/www.lespiratesdecarnac.com\/mentions-legales\/","url":"https:\/\/www.lespiratesdecarnac.com\/mentions-legales\/","name":"Mentions l\u00e9gales Camping Les Bruy\u00e8res de Carnac 4*","isPartOf":{"@id":"https:\/\/www.lespiratesdecarnac.com\/#website"},"primaryImageOfPage":{"@id":"https:\/\/www.lespiratesdecarnac.com\/mentions-legales\/#primaryimage"},"image":{"@id":"https:\/\/www.lespiratesdecarnac.com\/mentions-legales\/#primaryimage"},"thumbnailUrl":"https:\/\/www.lespiratesdecarnac.com\/wp-content\/uploads\/2023\/11\/NEW-LOGO-4-PIRATES-e1715868270390.jpg","datePublished":"2023-11-22T12:27:35+00:00","dateModified":"2025-09-11T15:29:12+00:00","description":"Mentions l\u00e9gales - Camping Les Bruy\u00e8res de Carnac 4* dans le Golfe du Morbihan, en Baie de Quiberon, Bretagne Sud, France - Camping Carnac","inLanguage":"de-DE-formal","potentialAction":[{"@type":"ReadAction","target":["https:\/\/www.lespiratesdecarnac.com\/mentions-legales\/"]}]},{"@type":"ImageObject","inLanguage":"de-DE-formal","@id":"https:\/\/www.lespiratesdecarnac.com\/mentions-legales\/#primaryimage","url":"https:\/\/www.lespiratesdecarnac.com\/wp-content\/uploads\/2023\/11\/NEW-LOGO-4-PIRATES-e1715868270390.jpg","contentUrl":"https:\/\/www.lespiratesdecarnac.com\/wp-content\/uploads\/2023\/11\/NEW-LOGO-4-PIRATES-e1715868270390.jpg","width":1024,"height":1024,"caption":"Retrouvez les Pirates \u00e0 Carnac - Camping Les Bruy\u00e8res de Carnac Baie de Quiberon Morbihan Bretagne Sud France"},{"@type":"WebSite","@id":"https:\/\/www.lespiratesdecarnac.com\/#website","url":"https:\/\/www.lespiratesdecarnac.com\/","name":"Les Pirates de carnac","description":"Camping \u00e0 Carnac 4 \u00e9toiles","publisher":{"@id":"https:\/\/www.lespiratesdecarnac.com\/#organization"},"potentialAction":[{"@type":"SearchAction","target":{"@type":"EntryPoint","urlTemplate":"https:\/\/www.lespiratesdecarnac.com\/?s={search_term_string}"},"query-input":{"@type":"PropertyValueSpecification","valueRequired":true,"valueName":"search_term_string"}}],"inLanguage":"de-DE-formal"},{"@type":"Organization","@id":"https:\/\/www.lespiratesdecarnac.com\/#organization","name":"Campingplatz Les Bruy\u00e8res de Carnac","url":"https:\/\/www.lespiratesdecarnac.com\/","logo":{"@type":"ImageObject","inLanguage":"de-DE-formal","@id":"https:\/\/www.lespiratesdecarnac.com\/#\/schema\/logo\/image\/","url":"https:\/\/lespiratesdecarnac.com\/wp-content\/uploads\/2023\/11\/lesbruyeresblanctete.png","contentUrl":"https:\/\/lespiratesdecarnac.com\/wp-content\/uploads\/2023\/11\/lesbruyeresblanctete.png","width":12501,"height":5910,"caption":"Camping Les Bruy\u00e8res de Carnac"},"image":{"@id":"https:\/\/www.lespiratesdecarnac.com\/#\/schema\/logo\/image\/"},"sameAs":["https:\/\/www.facebook.com\/Camping.les.Bruyeres.Carnac","https:\/\/www.instagram.com\/campinglesbruyeresdecarnac\/"]}]}},"_links":{"self":[{"href":"https:\/\/www.lespiratesdecarnac.com\/de\/wp-json\/wp\/v2\/pages\/1061","targetHints":{"allow":["GET"]}}],"collection":[{"href":"https:\/\/www.lespiratesdecarnac.com\/de\/wp-json\/wp\/v2\/pages"}],"about":[{"href":"https:\/\/www.lespiratesdecarnac.com\/de\/wp-json\/wp\/v2\/types\/page"}],"author":[{"embeddable":true,"href":"https:\/\/www.lespiratesdecarnac.com\/de\/wp-json\/wp\/v2\/users\/1"}],"replies":[{"embeddable":true,"href":"https:\/\/www.lespiratesdecarnac.com\/de\/wp-json\/wp\/v2\/comments?post=1061"}],"version-history":[{"count":10,"href":"https:\/\/www.lespiratesdecarnac.com\/de\/wp-json\/wp\/v2\/pages\/1061\/revisions"}],"predecessor-version":[{"id":4645,"href":"https:\/\/www.lespiratesdecarnac.com\/de\/wp-json\/wp\/v2\/pages\/1061\/revisions\/4645"}],"wp:featuredmedia":[{"embeddable":true,"href":"https:\/\/www.lespiratesdecarnac.com\/de\/wp-json\/wp\/v2\/media\/7"}],"wp:attachment":[{"href":"https:\/\/www.lespiratesdecarnac.com\/de\/wp-json\/wp\/v2\/media?parent=1061"}],"wp:term":[{"taxonomy":"category","embeddable":true,"href":"https:\/\/www.lespiratesdecarnac.com\/de\/wp-json\/wp\/v2\/categories?post=1061"},{"taxonomy":"post_tag","embeddable":true,"href":"https:\/\/www.lespiratesdecarnac.com\/de\/wp-json\/wp\/v2\/tags?post=1061"}],"curies":[{"name":"wp","href":"https:\/\/api.w.org\/{rel}","templated":true}]}}